{"id":26,"date":"2023-07-26T10:55:45","date_gmt":"2023-07-26T08:55:45","guid":{"rendered":"https:\/\/bdelices.fr\/?page_id=26"},"modified":"2024-03-14T12:31:47","modified_gmt":"2024-03-14T11:31:47","slug":"contact","status":"publish","type":"page","link":"https:\/\/bdelices.fr\/index.php\/contact\/","title":{"rendered":"Commande"},"content":{"rendered":"\n<p>Vous \u00eates int\u00e9ress\u00e9s par nos prestations ? <\/p>\n\n\n\n<p>Contactez nous d\u00e8s maintenant pour passer commande ou pour toute demande de devis.<br>Nous nous engageons \u00e0 vous r\u00e9pondre dans les plus brefs d\u00e9lais !<\/p>\n\n\n\n<p>Merci d&rsquo;envoyer un mail \u00e0 :<\/p>\n\n\n\n<p><strong><a href=\"mailto:b.delices@outlook.fr\" target=\"_blank\" rel=\"noopener\" title=\"\">b.delices@outlook.fr<\/a><\/strong><\/p>\n\n\n\n<p>Vous pouvez \u00e9galement nous contacter au : <strong><a href=\"tel:06 74 07 06 90\">06 74 07 06 90 ! <\/a><\/strong> (Whatsapp disponible \u00e9galement)<\/p>\n\n\n\n<p>Afin d&rsquo;avoir tous les \u00e9l\u00e9ments en un seul message veillez \u00e0 soumettre un maximum d&rsquo;informations comme par exemple :<\/p>\n\n\n\n<p><strong>Nom et pr\u00e9nom<\/strong><\/p>\n\n\n\n<p><strong>T\u00e9l\u00e9phone<\/strong><\/p>\n\n\n\n<p><strong>Adresse <\/strong>(si besoin de livraison)<\/p>\n\n\n\n<p><strong>Pr\u00e9cisez la date de l&rsquo;\u00e9v\u00e9nement et le nombre de personne <\/strong><\/p>\n\n\n\n<p><strong>Pr\u00e9cisez les pi\u00e8ces que vous souhaitez commander<\/strong> (Brunch\/lunch\/Plateaux (signature, fruits, fromage, etc.)<\/p>\n\n\n\n<p>Merci et \u00e0 tr\u00e8s vite pour vous offrir un moment de plaisir gustatif gourmand et raffin\u00e9 !<\/p>\n","protected":false},"excerpt":{"rendered":"<p>Vous \u00eates int\u00e9ress\u00e9s par nos prestations ? Contactez nous d\u00e8s maintenant pour passer commande ou pour toute demande de devis.Nous nous engageons \u00e0 vous r\u00e9pondre dans les plus brefs d\u00e9lais ! Merci d&rsquo;envoyer un mail \u00e0 : b.delices@outlook.fr Vous pouvez \u00e9galement nous contacter au : 06 74 07 06 90 ! (Whatsapp disponible \u00e9galement) Afin [&hellip;]<\/p>\n","protected":false},"author":1,"featured_media":0,"parent":0,"menu_order":0,"comment_status":"closed","ping_status":"closed","template":"","meta":{"_uag_custom_page_level_css":"","footnotes":""},"class_list":["post-26","page","type-page","status-publish","hentry"],"aioseo_notices":[],"uagb_featured_image_src":{"full":false,"thumbnail":false,"medium":false,"medium_large":false,"large":false,"1536x1536":false,"2048x2048":false},"uagb_author_info":{"display_name":"bdelices.fr","author_link":"https:\/\/bdelices.fr\/index.php\/author\/bdelices-fr\/"},"uagb_comment_info":0,"uagb_excerpt":"Vous \u00eates int\u00e9ress\u00e9s par nos prestations ? Contactez nous d\u00e8s maintenant pour passer commande ou pour toute demande de devis.Nous nous engageons \u00e0 vous r\u00e9pondre dans les plus brefs d\u00e9lais ! Merci d&rsquo;envoyer un mail \u00e0 : b.delices@outlook.fr Vous pouvez \u00e9galement nous contacter au : 06 74 07 06 90 ! (Whatsapp disponible \u00e9galement) Afin\u2026","_links":{"self":[{"href":"https:\/\/bdelices.fr\/index.php\/wp-json\/wp\/v2\/pages\/26","targetHints":{"allow":["GET"]}}],"collection":[{"href":"https:\/\/bdelices.fr\/index.php\/wp-json\/wp\/v2\/pages"}],"about":[{"href":"https:\/\/bdelices.fr\/index.php\/wp-json\/wp\/v2\/types\/page"}],"author":[{"embeddable":true,"href":"https:\/\/bdelices.fr\/index.php\/wp-json\/wp\/v2\/users\/1"}],"replies":[{"embeddable":true,"href":"https:\/\/bdelices.fr\/index.php\/wp-json\/wp\/v2\/comments?post=26"}],"version-history":[{"count":25,"href":"https:\/\/bdelices.fr\/index.php\/wp-json\/wp\/v2\/pages\/26\/revisions"}],"predecessor-version":[{"id":649,"href":"https:\/\/bdelices.fr\/index.php\/wp-json\/wp\/v2\/pages\/26\/revisions\/649"}],"wp:attachment":[{"href":"https:\/\/bdelices.fr\/index.php\/wp-json\/wp\/v2\/media?parent=26"}],"curies":[{"name":"wp","href":"https:\/\/api.w.org\/{rel}","templated":true}]}}